{"id":5644,"date":"2016-04-20T17:49:46","date_gmt":"2016-04-20T17:49:46","guid":{"rendered":"https:\/\/coaching.thimpress.com\/?page_id=5644"},"modified":"2021-05-17T20:28:43","modified_gmt":"2021-05-17T20:28:43","slug":"nosso-ct","status":"publish","type":"page","link":"https:\/\/gruporope.com\/?page_id=5644","title":{"rendered":"Nosso CT"},"content":{"rendered":"\t\t<div data-elementor-type=\"wp-post\" data-elementor-id=\"5644\" class=\"elementor elementor-5644\">\n\t\t\t\t\t\t\t\t\t<section class=\"elementor-section elementor-top-section elementor-element elementor-element-1233cf7 elementor-section-stretched elementor-section-boxed elementor-section-height-default elementor-section-height-default\" data-id=\"1233cf7\" data-element_type=\"section\" data-settings=\"{&quot;stretch_section&quot;:&quot;section-stretched&quot;,&quot;background_background&quot;:&quot;classic&quot;}\">\n\t\t\t\t\t\t<div class=\"elementor-container elementor-column-gap-default\">\n\t\t\t\t\t<div class=\"elementor-column elementor-col-100 elementor-top-column elementor-element elementor-element-a8d568f\" data-id=\"a8d568f\" data-element_type=\"column\">\n\t\t\t<div class=\"elementor-widget-wrap elementor-element-populated\">\n\t\t\t\t\t\t\t\t<section class=\"elementor-section elementor-inner-section elementor-element elementor-element-480c707 elementor-section-boxed elementor-section-height-default elementor-section-height-default\" data-id=\"480c707\" data-element_type=\"section\">\n\t\t\t\t\t\t<div class=\"elementor-container elementor-column-gap-default\">\n\t\t\t\t\t<div class=\"elementor-column elementor-col-50 elementor-inner-column elementor-element elementor-element-c2e58d1\" data-id=\"c2e58d1\" data-element_type=\"column\">\n\t\t\t<div class=\"elementor-widget-wrap elementor-element-populated\">\n\t\t\t\t\t\t\t\t<div class=\"elementor-element elementor-element-00fefa7 elementor-widget elementor-widget-text-editor\" data-id=\"00fefa7\" data-element_type=\"widget\" data-widget_type=\"text-editor.default\">\n\t\t\t\t<div class=\"elementor-widget-container\">\n\t\t\t\t\t\t\t<p align=\"justify\">Nosso CT proporciona a\u00a0 pr\u00e1tica de Cursos e Treinamentos de Trabalhos em Altura, Acesso por Corda, Espa\u00e7os Confinados e Opera\u00e7\u00f5es de Resgates, sendo reconhecido pela ABENDI como\nOT &#8211; Organismo de Treinamento e\u00a0CEQ \u2013 Centro de Exame e Qualifica\u00e7\u00e3o.<\/p>\t\t\t\t\t\t<\/div>\n\t\t\t\t<\/div>\n\t\t\t\t<div class=\"elementor-element elementor-element-8c776ef elementor-widget elementor-widget-text-editor\" data-id=\"8c776ef\" data-element_type=\"widget\" data-widget_type=\"text-editor.default\">\n\t\t\t\t<div class=\"elementor-widget-container\">\n\t\t\t\t\t\t\t<ul><li>\u00c1rea: 500m\u00b2;<\/li><li>\u00c1rea Indoor para pr\u00e1ticas: 350m\u00b2;<\/li><li>Altura m\u00e1xima Indoor: 8.0m;<\/li><li>Salas de Aula: 3 salas com 40m\u00b2 cada;<\/li><li>Equipamentos Individuais e Coletivos;<\/li><li>Suporta at\u00e9 60 alunos em simult\u00e2neo;<\/li><li>Todos os ambientes climatizados;<\/li><\/ul>\t\t\t\t\t\t<\/div>\n\t\t\t\t<\/div>\n\t\t\t\t\t<\/div>\n\t\t<\/div>\n\t\t\t\t<div class=\"elementor-column elementor-col-50 elementor-inner-column elementor-element elementor-element-789568a\" data-id=\"789568a\" data-element_type=\"column\">\n\t\t\t<div class=\"elementor-widget-wrap elementor-element-populated\">\n\t\t\t\t\t\t\t\t<div class=\"elementor-element elementor-element-853bfd3 elementor-widget elementor-widget-text-editor\" data-id=\"853bfd3\" data-element_type=\"widget\" data-widget_type=\"text-editor.default\">\n\t\t\t\t<div class=\"elementor-widget-container\">\n\t\t\t\t\t\t\t<ul><li>Pr\u00f3ximo ao Aeroporto Internacional Salgado Filho;<\/li><li>Wi-fi operante em todo Centro;<\/li><li>Vesti\u00e1rios com Banheiros e Arm\u00e1rios individuais;<\/li><li>Pr\u00f3ximo aos hot\u00e9is Ibis, Metropolitano e Novotel;<\/li><li>Esta\u00e7\u00e3o Trensurb \u2013 Niter\u00f3i\/Uniritter: 550m de dist\u00e2ncia;<\/li><li>Rodovi\u00e1ria de Porto Alegre a 9,4 Km;<\/li><li>5 Restaurantes pr\u00f3ximos.<\/li><\/ul>\t\t\t\t\t\t<\/div>\n\t\t\t\t<\/div>\n\t\t\t\t\t<\/div>\n\t\t<\/div>\n\t\t\t\t\t\t\t<\/div>\n\t\t<\/section>\n\t\t\t\t\t<\/div>\n\t\t<\/div>\n\t\t\t\t\t\t\t<\/div>\n\t\t<\/section>\n\t\t\t\t<section class=\"elementor-section elementor-top-section elementor-element elementor-element-e9c3606 elementor-section-stretched elementor-section-boxed elementor-section-height-default elementor-section-height-default\" data-id=\"e9c3606\" data-element_type=\"section\" data-settings=\"{&quot;stretch_section&quot;:&quot;section-stretched&quot;,&quot;background_background&quot;:&quot;classic&quot;}\">\n\t\t\t\t\t\t<div class=\"elementor-container elementor-column-gap-extended\">\n\t\t\t\t\t<div class=\"elementor-column elementor-col-50 elementor-top-column elementor-element elementor-element-8460eab\" data-id=\"8460eab\" data-element_type=\"column\">\n\t\t\t<div class=\"elementor-widget-wrap elementor-element-populated\">\n\t\t\t\t\t\t\t\t<div class=\"elementor-element elementor-element-39344ad elementor-widget elementor-widget-image\" data-id=\"39344ad\" data-element_type=\"widget\" data-widget_type=\"image.default\">\n\t\t\t\t<div class=\"elementor-widget-container\">\n\t\t\t\t\t\t\t\t\t\t\t\t\t\t\t<img decoding=\"async\" width=\"543\" height=\"364\" src=\"https:\/\/gruporope.com\/wp-content\/uploads\/2021\/03\/centro-de-treinamento.jpg\" class=\"attachment-large size-large wp-image-7250\" alt=\"\" srcset=\"https:\/\/gruporope.com\/wp-content\/uploads\/2021\/03\/centro-de-treinamento.jpg 543w, https:\/\/gruporope.com\/wp-content\/uploads\/2021\/03\/centro-de-treinamento-300x201.jpg 300w\" sizes=\"(max-width: 543px) 100vw, 543px\" \/>\t\t\t\t\t\t\t\t\t\t\t\t\t\t\t<\/div>\n\t\t\t\t<\/div>\n\t\t\t\t\t<\/div>\n\t\t<\/div>\n\t\t\t\t<div class=\"elementor-column elementor-col-50 elementor-top-column elementor-element elementor-element-b951a60\" data-id=\"b951a60\" data-element_type=\"column\">\n\t\t\t<div class=\"elementor-widget-wrap elementor-element-populated\">\n\t\t\t\t\t\t\t\t<div class=\"elementor-element elementor-element-f86198e white-box elementor-widget elementor-widget-thim-heading\" data-id=\"f86198e\" data-element_type=\"widget\" data-widget_type=\"thim-heading.default\">\n\t\t\t\t<div class=\"elementor-widget-container\">\n\t\t\t<div class=\"sc_heading gym  text-left\"><h3 style=\"color:#FFFFFF;font-size:16px;font-weight:300;font-style:normal;margin-bottom: 15px;\" class=\"title\">\n\n\n<\/h3><p class=\"sub-heading\" style=\"color:#ffffff;font-size:36px;font-weight:600;font-style:normal;\">GRUPO ROPE<\/p><div class=\"content_heading\">Somos um grupo especializado em todas as solu\u00e7\u00f5es de trabalho em altura: Acesso por Corda, Espa\u00e7o Confinado, Projetos e Treinamentos. Atuamos com voca\u00e7\u00e3o e excel\u00eancia no segmento de capacita\u00e7\u00e3o e presta\u00e7\u00e3o de servi\u00e7os com colaboradores treinados e supervisionados.<\/div><\/div>\t\t<\/div>\n\t\t\t\t<\/div>\n\t\t\t\t\t<\/div>\n\t\t<\/div>\n\t\t\t\t\t\t\t<\/div>\n\t\t<\/section>\n\t\t\t\t<section class=\"elementor-section elementor-top-section elementor-element elementor-element-e99071c elementor-section-full_width elementor-section-height-default elementor-section-height-default\" data-id=\"e99071c\" data-element_type=\"section\">\n\t\t\t\t\t\t<div class=\"elementor-container elementor-column-gap-default\">\n\t\t\t\t\t<div class=\"elementor-column elementor-col-100 elementor-top-column elementor-element elementor-element-a8ecf2a\" data-id=\"a8ecf2a\" data-element_type=\"column\">\n\t\t\t<div class=\"elementor-widget-wrap elementor-element-populated\">\n\t\t\t\t\t\t\t\t<div class=\"elementor-element elementor-element-87a86b8 elementor-widget elementor-widget-thim-heading\" data-id=\"87a86b8\" data-element_type=\"widget\" data-widget_type=\"thim-heading.default\">\n\t\t\t\t<div class=\"elementor-widget-container\">\n\t\t\t<div class=\"sc_heading gym  text-center\"><h3 style=\"color:#00893A;font-size:16px;font-weight:300;font-style:normal;margin-bottom: 15px;\" class=\"title\">NOSSO CENTRO DE\n\n<\/h3><p class=\"sub-heading\" style=\"color:#000000;font-size:36px;font-weight:600;font-style:normal;\">TREINAMENTO<\/p><div class=\"content_heading\">Um espa\u00e7o totalmente inovador, moderno, amplo e confort\u00e1vel, destacado na regi\u00e3o Sul do Brasil.<\/div><\/div>\t\t<\/div>\n\t\t\t\t<\/div>\n\t\t\t\t\t<\/div>\n\t\t<\/div>\n\t\t\t\t\t\t\t<\/div>\n\t\t<\/section>\n\t\t\t\t<section class=\"elementor-section elementor-top-section elementor-element elementor-element-0bbc4fb elementor-section-full_width elementor-section-height-default elementor-section-height-default\" data-id=\"0bbc4fb\" data-element_type=\"section\">\n\t\t\t\t\t\t<div class=\"elementor-container elementor-column-gap-default\">\n\t\t\t\t\t<div class=\"elementor-column elementor-col-100 elementor-top-column elementor-element elementor-element-70f8505\" data-id=\"70f8505\" data-element_type=\"column\">\n\t\t\t<div class=\"elementor-widget-wrap elementor-element-populated\">\n\t\t\t\t\t\t\t\t<div class=\"elementor-element elementor-element-a4cbc1b elementor-widget elementor-widget-image-gallery\" data-id=\"a4cbc1b\" data-element_type=\"widget\" data-widget_type=\"image-gallery.default\">\n\t\t\t\t<div class=\"elementor-widget-container\">\n\t\t\t\t\t<div class=\"elementor-image-gallery\">\n\t\t\t<div id='gallery-1' class='gallery galleryid-5644 gallery-columns-4 gallery-size-large'><figure class='gallery-item'>\n\t\t\t<div class='gallery-icon landscape'>\n\t\t\t\t<a data-elementor-open-lightbox=\"yes\" data-elementor-lightbox-slideshow=\"a4cbc1b\" data-elementor-lightbox-title=\"1-img-galeria-grupo-rope\" data-e-action-hash=\"#elementor-action%3Aaction%3Dlightbox%26settings%3DeyJpZCI6Njg0MCwidXJsIjoiaHR0cHM6XC9cL2dydXBvcm9wZS5jb21cL3dwLWNvbnRlbnRcL3VwbG9hZHNcLzIwMjFcLzAzXC8xLWltZy1nYWxlcmlhLWdydXBvLXJvcGUuanBnIiwic2xpZGVzaG93IjoiYTRjYmMxYiJ9\" href='https:\/\/gruporope.com\/wp-content\/uploads\/2021\/03\/1-img-galeria-grupo-rope.jpg'><img decoding=\"async\" width=\"640\" height=\"425\" src=\"https:\/\/gruporope.com\/wp-content\/uploads\/2021\/03\/1-img-galeria-grupo-rope.jpg\" class=\"attachment-large size-large\" alt=\"\" srcset=\"https:\/\/gruporope.com\/wp-content\/uploads\/2021\/03\/1-img-galeria-grupo-rope.jpg 786w, https:\/\/gruporope.com\/wp-content\/uploads\/2021\/03\/1-img-galeria-grupo-rope-300x199.jpg 300w, https:\/\/gruporope.com\/wp-content\/uploads\/2021\/03\/1-img-galeria-grupo-rope-768x510.jpg 768w, https:\/\/gruporope.com\/wp-content\/uploads\/2021\/03\/1-img-galeria-grupo-rope-600x398.jpg 600w\" sizes=\"(max-width: 640px) 100vw, 640px\" \/><\/a>\n\t\t\t<\/div><\/figure><figure class='gallery-item'>\n\t\t\t<div class='gallery-icon landscape'>\n\t\t\t\t<a data-elementor-open-lightbox=\"yes\" data-elementor-lightbox-slideshow=\"a4cbc1b\" data-elementor-lightbox-title=\"2-img-galeria-grupo-rope\" data-e-action-hash=\"#elementor-action%3Aaction%3Dlightbox%26settings%3DeyJpZCI6Njg0MSwidXJsIjoiaHR0cHM6XC9cL2dydXBvcm9wZS5jb21cL3dwLWNvbnRlbnRcL3VwbG9hZHNcLzIwMjFcLzAzXC8yLWltZy1nYWxlcmlhLWdydXBvLXJvcGUuanBnIiwic2xpZGVzaG93IjoiYTRjYmMxYiJ9\" href='https:\/\/gruporope.com\/wp-content\/uploads\/2021\/03\/2-img-galeria-grupo-rope.jpg'><img decoding=\"async\" width=\"640\" height=\"425\" src=\"https:\/\/gruporope.com\/wp-content\/uploads\/2021\/03\/2-img-galeria-grupo-rope.jpg\" class=\"attachment-large size-large\" alt=\"\" srcset=\"https:\/\/gruporope.com\/wp-content\/uploads\/2021\/03\/2-img-galeria-grupo-rope.jpg 786w, https:\/\/gruporope.com\/wp-content\/uploads\/2021\/03\/2-img-galeria-grupo-rope-300x199.jpg 300w, https:\/\/gruporope.com\/wp-content\/uploads\/2021\/03\/2-img-galeria-grupo-rope-768x510.jpg 768w, https:\/\/gruporope.com\/wp-content\/uploads\/2021\/03\/2-img-galeria-grupo-rope-600x398.jpg 600w\" sizes=\"(max-width: 640px) 100vw, 640px\" \/><\/a>\n\t\t\t<\/div><\/figure><figure class='gallery-item'>\n\t\t\t<div class='gallery-icon landscape'>\n\t\t\t\t<a data-elementor-open-lightbox=\"yes\" data-elementor-lightbox-slideshow=\"a4cbc1b\" data-elementor-lightbox-title=\"3-img-galeria-grupo-rope\" data-e-action-hash=\"#elementor-action%3Aaction%3Dlightbox%26settings%3DeyJpZCI6Njg0MiwidXJsIjoiaHR0cHM6XC9cL2dydXBvcm9wZS5jb21cL3dwLWNvbnRlbnRcL3VwbG9hZHNcLzIwMjFcLzAzXC8zLWltZy1nYWxlcmlhLWdydXBvLXJvcGUuanBnIiwic2xpZGVzaG93IjoiYTRjYmMxYiJ9\" href='https:\/\/gruporope.com\/wp-content\/uploads\/2021\/03\/3-img-galeria-grupo-rope.jpg'><img decoding=\"async\" width=\"640\" height=\"425\" src=\"https:\/\/gruporope.com\/wp-content\/uploads\/2021\/03\/3-img-galeria-grupo-rope.jpg\" class=\"attachment-large size-large\" alt=\"\" srcset=\"https:\/\/gruporope.com\/wp-content\/uploads\/2021\/03\/3-img-galeria-grupo-rope.jpg 786w, https:\/\/gruporope.com\/wp-content\/uploads\/2021\/03\/3-img-galeria-grupo-rope-300x199.jpg 300w, https:\/\/gruporope.com\/wp-content\/uploads\/2021\/03\/3-img-galeria-grupo-rope-768x510.jpg 768w, https:\/\/gruporope.com\/wp-content\/uploads\/2021\/03\/3-img-galeria-grupo-rope-600x398.jpg 600w\" sizes=\"(max-width: 640px) 100vw, 640px\" \/><\/a>\n\t\t\t<\/div><\/figure><figure class='gallery-item'>\n\t\t\t<div class='gallery-icon landscape'>\n\t\t\t\t<a data-elementor-open-lightbox=\"yes\" data-elementor-lightbox-slideshow=\"a4cbc1b\" data-elementor-lightbox-title=\"4-img-galeria-grupo-rope\" data-e-action-hash=\"#elementor-action%3Aaction%3Dlightbox%26settings%3DeyJpZCI6Njg0MywidXJsIjoiaHR0cHM6XC9cL2dydXBvcm9wZS5jb21cL3dwLWNvbnRlbnRcL3VwbG9hZHNcLzIwMjFcLzAzXC80LWltZy1nYWxlcmlhLWdydXBvLXJvcGUuanBnIiwic2xpZGVzaG93IjoiYTRjYmMxYiJ9\" href='https:\/\/gruporope.com\/wp-content\/uploads\/2021\/03\/4-img-galeria-grupo-rope.jpg'><img decoding=\"async\" width=\"640\" height=\"425\" src=\"https:\/\/gruporope.com\/wp-content\/uploads\/2021\/03\/4-img-galeria-grupo-rope.jpg\" class=\"attachment-large size-large\" alt=\"\" srcset=\"https:\/\/gruporope.com\/wp-content\/uploads\/2021\/03\/4-img-galeria-grupo-rope.jpg 786w, https:\/\/gruporope.com\/wp-content\/uploads\/2021\/03\/4-img-galeria-grupo-rope-300x199.jpg 300w, https:\/\/gruporope.com\/wp-content\/uploads\/2021\/03\/4-img-galeria-grupo-rope-768x510.jpg 768w, https:\/\/gruporope.com\/wp-content\/uploads\/2021\/03\/4-img-galeria-grupo-rope-600x398.jpg 600w\" sizes=\"(max-width: 640px) 100vw, 640px\" \/><\/a>\n\t\t\t<\/div><\/figure><figure class='gallery-item'>\n\t\t\t<div class='gallery-icon landscape'>\n\t\t\t\t<a data-elementor-open-lightbox=\"yes\" data-elementor-lightbox-slideshow=\"a4cbc1b\" data-elementor-lightbox-title=\"5-img-galeria-grupo-rope\" data-e-action-hash=\"#elementor-action%3Aaction%3Dlightbox%26settings%3DeyJpZCI6Njg0NCwidXJsIjoiaHR0cHM6XC9cL2dydXBvcm9wZS5jb21cL3dwLWNvbnRlbnRcL3VwbG9hZHNcLzIwMjFcLzAzXC81LWltZy1nYWxlcmlhLWdydXBvLXJvcGUuanBnIiwic2xpZGVzaG93IjoiYTRjYmMxYiJ9\" href='https:\/\/gruporope.com\/wp-content\/uploads\/2021\/03\/5-img-galeria-grupo-rope.jpg'><img decoding=\"async\" width=\"640\" height=\"425\" src=\"https:\/\/gruporope.com\/wp-content\/uploads\/2021\/03\/5-img-galeria-grupo-rope.jpg\" class=\"attachment-large size-large\" alt=\"\" srcset=\"https:\/\/gruporope.com\/wp-content\/uploads\/2021\/03\/5-img-galeria-grupo-rope.jpg 786w, https:\/\/gruporope.com\/wp-content\/uploads\/2021\/03\/5-img-galeria-grupo-rope-300x199.jpg 300w, https:\/\/gruporope.com\/wp-content\/uploads\/2021\/03\/5-img-galeria-grupo-rope-768x510.jpg 768w, https:\/\/gruporope.com\/wp-content\/uploads\/2021\/03\/5-img-galeria-grupo-rope-600x398.jpg 600w\" sizes=\"(max-width: 640px) 100vw, 640px\" \/><\/a>\n\t\t\t<\/div><\/figure><figure class='gallery-item'>\n\t\t\t<div class='gallery-icon landscape'>\n\t\t\t\t<a data-elementor-open-lightbox=\"yes\" data-elementor-lightbox-slideshow=\"a4cbc1b\" data-elementor-lightbox-title=\"6-img-galeria-grupo-rope\" data-e-action-hash=\"#elementor-action%3Aaction%3Dlightbox%26settings%3DeyJpZCI6Njg0NSwidXJsIjoiaHR0cHM6XC9cL2dydXBvcm9wZS5jb21cL3dwLWNvbnRlbnRcL3VwbG9hZHNcLzIwMjFcLzAzXC82LWltZy1nYWxlcmlhLWdydXBvLXJvcGUuanBnIiwic2xpZGVzaG93IjoiYTRjYmMxYiJ9\" href='https:\/\/gruporope.com\/wp-content\/uploads\/2021\/03\/6-img-galeria-grupo-rope.jpg'><img decoding=\"async\" width=\"640\" height=\"425\" src=\"https:\/\/gruporope.com\/wp-content\/uploads\/2021\/03\/6-img-galeria-grupo-rope.jpg\" class=\"attachment-large size-large\" alt=\"\" srcset=\"https:\/\/gruporope.com\/wp-content\/uploads\/2021\/03\/6-img-galeria-grupo-rope.jpg 786w, https:\/\/gruporope.com\/wp-content\/uploads\/2021\/03\/6-img-galeria-grupo-rope-300x199.jpg 300w, https:\/\/gruporope.com\/wp-content\/uploads\/2021\/03\/6-img-galeria-grupo-rope-768x510.jpg 768w, https:\/\/gruporope.com\/wp-content\/uploads\/2021\/03\/6-img-galeria-grupo-rope-600x398.jpg 600w\" sizes=\"(max-width: 640px) 100vw, 640px\" \/><\/a>\n\t\t\t<\/div><\/figure><figure class='gallery-item'>\n\t\t\t<div class='gallery-icon landscape'>\n\t\t\t\t<a data-elementor-open-lightbox=\"yes\" data-elementor-lightbox-slideshow=\"a4cbc1b\" data-elementor-lightbox-title=\"7-img-galeria-grupo-rope\" data-e-action-hash=\"#elementor-action%3Aaction%3Dlightbox%26settings%3DeyJpZCI6Njg0NiwidXJsIjoiaHR0cHM6XC9cL2dydXBvcm9wZS5jb21cL3dwLWNvbnRlbnRcL3VwbG9hZHNcLzIwMjFcLzAzXC83LWltZy1nYWxlcmlhLWdydXBvLXJvcGUuanBnIiwic2xpZGVzaG93IjoiYTRjYmMxYiJ9\" href='https:\/\/gruporope.com\/wp-content\/uploads\/2021\/03\/7-img-galeria-grupo-rope.jpg'><img decoding=\"async\" width=\"640\" height=\"425\" src=\"https:\/\/gruporope.com\/wp-content\/uploads\/2021\/03\/7-img-galeria-grupo-rope.jpg\" class=\"attachment-large size-large\" alt=\"\" srcset=\"https:\/\/gruporope.com\/wp-content\/uploads\/2021\/03\/7-img-galeria-grupo-rope.jpg 786w, https:\/\/gruporope.com\/wp-content\/uploads\/2021\/03\/7-img-galeria-grupo-rope-300x199.jpg 300w, https:\/\/gruporope.com\/wp-content\/uploads\/2021\/03\/7-img-galeria-grupo-rope-768x510.jpg 768w, https:\/\/gruporope.com\/wp-content\/uploads\/2021\/03\/7-img-galeria-grupo-rope-600x398.jpg 600w\" sizes=\"(max-width: 640px) 100vw, 640px\" \/><\/a>\n\t\t\t<\/div><\/figure><figure class='gallery-item'>\n\t\t\t<div class='gallery-icon landscape'>\n\t\t\t\t<a data-elementor-open-lightbox=\"yes\" data-elementor-lightbox-slideshow=\"a4cbc1b\" data-elementor-lightbox-title=\"8-img-galeria-grupo-rope\" data-e-action-hash=\"#elementor-action%3Aaction%3Dlightbox%26settings%3DeyJpZCI6Njg0NywidXJsIjoiaHR0cHM6XC9cL2dydXBvcm9wZS5jb21cL3dwLWNvbnRlbnRcL3VwbG9hZHNcLzIwMjFcLzAzXC84LWltZy1nYWxlcmlhLWdydXBvLXJvcGUuanBnIiwic2xpZGVzaG93IjoiYTRjYmMxYiJ9\" href='https:\/\/gruporope.com\/wp-content\/uploads\/2021\/03\/8-img-galeria-grupo-rope.jpg'><img decoding=\"async\" width=\"640\" height=\"425\" src=\"https:\/\/gruporope.com\/wp-content\/uploads\/2021\/03\/8-img-galeria-grupo-rope.jpg\" class=\"attachment-large size-large\" alt=\"\" srcset=\"https:\/\/gruporope.com\/wp-content\/uploads\/2021\/03\/8-img-galeria-grupo-rope.jpg 786w, https:\/\/gruporope.com\/wp-content\/uploads\/2021\/03\/8-img-galeria-grupo-rope-300x199.jpg 300w, https:\/\/gruporope.com\/wp-content\/uploads\/2021\/03\/8-img-galeria-grupo-rope-768x510.jpg 768w, https:\/\/gruporope.com\/wp-content\/uploads\/2021\/03\/8-img-galeria-grupo-rope-600x398.jpg 600w\" sizes=\"(max-width: 640px) 100vw, 640px\" \/><\/a>\n\t\t\t<\/div><\/figure>\n\t\t<\/div>\n\t\t<\/div>\n\t\t\t\t<\/div>\n\t\t\t\t<\/div>\n\t\t\t\t\t<\/div>\n\t\t<\/div>\n\t\t\t\t\t\t\t<\/div>\n\t\t<\/section>\n\t\t\t\t<section class=\"elementor-section elementor-top-section elementor-element elementor-element-254f854c elementor-section-boxed elementor-section-height-default elementor-section-height-default\" data-id=\"254f854c\" data-element_type=\"section\">\n\t\t\t\t\t\t<div class=\"elementor-container elementor-column-gap-no\">\n\t\t\t\t\t<div class=\"elementor-column elementor-col-100 elementor-top-column elementor-element elementor-element-6d2066ac\" data-id=\"6d2066ac\" data-element_type=\"column\">\n\t\t\t<div class=\"elementor-widget-wrap elementor-element-populated\">\n\t\t\t\t\t\t\t\t<div class=\"elementor-element elementor-element-3e8a908 elementor-widget elementor-widget-thim-heading\" data-id=\"3e8a908\" data-element_type=\"widget\" data-widget_type=\"thim-heading.default\">\n\t\t\t\t<div class=\"elementor-widget-container\">\n\t\t\t<div class=\"sc_heading gym  text-center\"><h3 style=\"color:#00893A;font-size:16px;font-weight:300;font-style:normal;margin-bottom: 15px;\" class=\"title\">NOSSO CERTIFICADOS\n\n<\/h3><p class=\"sub-heading\" style=\"color:#000000;font-size:36px;font-weight:600;font-style:normal;\">QUALIDADE GARANTIDA<\/p><\/div>\t\t<\/div>\n\t\t\t\t<\/div>\n\t\t\t\t<div class=\"elementor-element elementor-element-19e552c5 elementor-widget elementor-widget-thim-gallery-images\" data-id=\"19e552c5\" data-element_type=\"widget\" data-widget_type=\"thim-gallery-images.default\">\n\t\t\t\t<div class=\"elementor-widget-container\">\n\t\t\t<div class=\"thim-carousel-wrapper gallery-img  wpb_animate_when_almost_visible wpb_left-to-right\"  data-visible=\"3\" data-pagination=\"1\" data-autoplay=\"yes\"  data-autoplaytimeout=\"5\" data-loop=\"yes\" ><div class=\"item\"><img src =\"https:\/\/gruporope.com\/wp-content\/uploads\/2021\/03\/certificado-370x250-3.jpg\" width=\"370\" height=\"250\" alt=\"\"\/><\/div><div class=\"item\"><img src =\"https:\/\/gruporope.com\/wp-content\/uploads\/2021\/03\/certificado-370x250-1.jpg\" width=\"370\" height=\"250\" alt=\"\"\/><\/div><div class=\"item\"><img src =\"https:\/\/gruporope.com\/wp-content\/uploads\/2021\/03\/certificado-370x250-2.jpg\" width=\"370\" height=\"250\" alt=\"\"\/><\/div><\/div>\t\t<\/div>\n\t\t\t\t<\/div>\n\t\t\t\t\t<\/div>\n\t\t<\/div>\n\t\t\t\t\t\t\t<\/div>\n\t\t<\/section>\n\t\t\t\t\t\t\t<\/div>\n\t\t","protected":false},"excerpt":{"rendered":"<p>Nosso CT proporciona a\u00a0 pr\u00e1tica de Cursos e Treinamentos de Trabalhos em Altura, Acesso por Corda, Espa\u00e7os Confinados e Opera\u00e7\u00f5es de Resgates, sendo reconhecido pela ABENDI como<br \/>\nOT &#8211; Organismo de Treinamento e\u00a0CEQ \u2013 Centro de Exame e Qualifica\u00e7\u00e3o.<br \/>\n<br \n<\/p>\n","protected":false},"author":1,"featured_media":0,"parent":0,"menu_order":0,"comment_status":"closed","ping_status":"closed","template":"","meta":{"_bbp_topic_count":0,"_bbp_reply_count":0,"_bbp_total_topic_count":0,"_bbp_total_reply_count":0,"_bbp_voice_count":0,"_bbp_anonymous_reply_count":0,"_bbp_topic_count_hidden":0,"_bbp_reply_count_hidden":0,"_bbp_forum_subforum_count":0,"pmpro_default_level":0,"_joinchat":[],"footnotes":""},"class_list":["post-5644","page","type-page","status-publish","hentry","pmpro-has-access"],"_links":{"self":[{"href":"https:\/\/gruporope.com\/index.php?rest_route=\/wp\/v2\/pages\/5644","targetHints":{"allow":["GET"]}}],"collection":[{"href":"https:\/\/gruporope.com\/index.php?rest_route=\/wp\/v2\/pages"}],"about":[{"href":"https:\/\/gruporope.com\/index.php?rest_route=\/wp\/v2\/types\/page"}],"author":[{"embeddable":true,"href":"https:\/\/gruporope.com\/index.php?rest_route=\/wp\/v2\/users\/1"}],"replies":[{"embeddable":true,"href":"https:\/\/gruporope.com\/index.php?rest_route=%2Fwp%2Fv2%2Fcomments&post=5644"}],"version-history":[{"count":136,"href":"https:\/\/gruporope.com\/index.php?rest_route=\/wp\/v2\/pages\/5644\/revisions"}],"predecessor-version":[{"id":7681,"href":"https:\/\/gruporope.com\/index.php?rest_route=\/wp\/v2\/pages\/5644\/revisions\/7681"}],"wp:attachment":[{"href":"https:\/\/gruporope.com\/index.php?rest_route=%2Fwp%2Fv2%2Fmedia&parent=5644"}],"curies":[{"name":"wp","href":"https:\/\/api.w.org\/{rel}","templated":true}]}}